{"id":197,"date":"2016-03-21T08:50:43","date_gmt":"2016-03-21T08:50:43","guid":{"rendered":"https:\/\/kolevica-art.com\/?page_id=197"},"modified":"2025-11-11T14:39:00","modified_gmt":"2025-11-11T14:39:00","slug":"contact","status":"publish","type":"page","link":"https:\/\/kolevica-art.com\/sq\/contact\/","title":{"rendered":"Kontakt"},"content":{"rendered":"<div class=\"wpb-content-wrapper\"><div class=\"vc_row wpb_row vc_row-fluid\"><div class=\"wpb_column vc_column_container vc_col-sm-12\"><div class=\"vc_column-inner\"><div class=\"wpb_wrapper\"><h2 style=\"font-size: 70px;line-height: normal;text-align: center;font-family:Josefin Sans;font-weight:100;font-style:normal\" class=\"vc_custom_heading vc_do_custom_heading vc_custom_1465191027321\" >Kontakt<\/h2>\n\t<div  class=\"wpb_single_image wpb_content_element vc_align_center wpb_content_element\">\n\t\t\n\t\t<figure class=\"wpb_wrapper vc_figure\">\n\t\t\t<div class=\"vc_single_image-wrapper   vc_box_border_grey\"><img loading=\"lazy\" decoding=\"async\" width=\"496\" height=\"19\" src=\"https:\/\/kolevica-art.com\/wp-content\/uploads\/2016\/03\/title-line.png\" class=\"vc_single_image-img attachment-full\" alt=\"title-line\" title=\"title-line\" srcset=\"https:\/\/kolevica-art.com\/wp-content\/uploads\/2016\/03\/title-line.png 496w, https:\/\/kolevica-art.com\/wp-content\/uploads\/2016\/03\/title-line-300x11.png 300w\" sizes=\"auto, (max-width: 496px) 100vw, 496px\" \/><\/div>\n\t\t<\/figure>\n\t<\/div>\n<\/div><\/div><\/div><\/div><div data-vc-full-width=\"true\" data-vc-full-width-init=\"false\" data-vc-stretch-content=\"true\" class=\"vc_row wpb_row vc_row-fluid vc-contact-section vc_row-no-padding vc_row-o-equal-height vc_row-o-content-middle vc_row-flex\"><div class=\"vc-contact_map wpb_column vc_column_container vc_col-sm-6\"><div class=\"vc_column-inner\"><div class=\"wpb_wrapper\"><div class=\"wpb_gmaps_widget wpb_content_element\"><div class=\"wpb_wrapper\"><div class=\"wpb_map_wraper\"><iframe loading=\"lazy\" src=\"https:\/\/maps.google.com\/maps?q=Vasillaq%20Kolevica%3A%20KM%201%2C%20Korc%C3%AB%2C%20Drenov%C3%AB%2C%20Albania&#038;t=m&#038;z=10&#038;output=embed&#038;iwloc=near\" title=\"Vasillaq Kolevica: KM 1, Korc\u00eb, Drenov\u00eb, Albania\" aria-label=\"Vasillaq Kolevica: KM 1, Korc\u00eb, Drenov\u00eb, Albania\" height=\"350\" ><\/iframe><\/div><\/div><\/div><\/div><\/div><\/div><div class=\"vc-contact-info-container vc-bg-blur wpb_column vc_column_container vc_col-sm-6\"><div class=\"vc_column-inner\"><div class=\"wpb_wrapper\"><div class=\"aio-icon-component    style_3\"><div id=\"Info-box-wrap-9576\" class=\"aio-icon-box default-icon\" style=\"\"  ><div class=\"aio-icon-default\"><div class=\"ult-just-icon-wrapper\"><div class=\"align-icon\" style=\"text-align:center;\">\n<div class=\"aio-icon none\"  style=\"color:#FFFFFF;font-size:25px;display:inline-block;\">\n\t<i class=\"Defaults-map-marker\"><\/i>\n<\/div><\/div><\/div><\/div><div class=\"aio-icon-header\" ><a class=\"aio-icon-box-link\" href=\"https:\/\/share.google\/dylBPy7XbME2UB3Bg\" target=\"_blank\" rel=\"noopener\" ><div class=\"aio-icon-title ult-responsive\"  data-ultimate-target='#Info-box-wrap-9576 .aio-icon-title'  data-responsive-json-new='{\"font-size\":\"\",\"line-height\":\"\"}'  style=\"\">Adresa e Studios - Vasillaq Kolevica: KM 1, Kor\u00e7\u00eb, Drenov\u00eb, Shqip\u00ebri<\/div><\/a><\/div> <!-- header --><\/div> <!-- aio-icon-box --><\/div> <!-- aio-icon-component --><div class=\"aio-icon-component    style_3\"><div id=\"Info-box-wrap-6419\" class=\"aio-icon-box default-icon\" style=\"\"  ><div class=\"aio-icon-default\"><div class=\"ult-just-icon-wrapper\"><div class=\"align-icon\" style=\"text-align:center;\">\n<div class=\"aio-icon none\"  style=\"color:#FFFFFF;font-size:25px;display:inline-block;\">\n\t<i class=\"Defaults-map-marker\"><\/i>\n<\/div><\/div><\/div><\/div><div class=\"aio-icon-header\" ><a class=\"aio-icon-box-link\" href=\"#\" ><span class=\"aio-icon-title ult-responsive\"  data-ultimate-target='#Info-box-wrap-6419 .aio-icon-title'  data-responsive-json-new='{\"font-size\":\"\",\"line-height\":\"\"}'  style=\"\">Adresa e Zyr\u00ebs - Anjeza Kolevica: Tiran\u00eb, Shqip\u00ebri<\/span><\/a><\/div> <!-- header --><\/div> <!-- aio-icon-box --><\/div> <!-- aio-icon-component --><div class=\"aio-icon-component    style_3\"><div id=\"Info-box-wrap-2835\" class=\"aio-icon-box default-icon\" style=\"\"  ><div class=\"aio-icon-default\"><div class=\"ult-just-icon-wrapper\"><div class=\"align-icon\" style=\"text-align:center;\">\n<div class=\"aio-icon none\"  style=\"color:#FFFFFF;font-size:25px;display:inline-block;\">\n\t<i class=\"Defaults-phone\"><\/i>\n<\/div><\/div><\/div><\/div><div class=\"aio-icon-header\" ><a class=\"aio-icon-box-link\" href=\"tel:+355%2069%20641%205292\" target=\"_blank\" rel=\"noopener\" ><div class=\"aio-icon-title ult-responsive\"  data-ultimate-target='#Info-box-wrap-2835 .aio-icon-title'  data-responsive-json-new='{\"font-size\":\"\",\"line-height\":\"\"}'  style=\"\">+355 69 641 5292<\/div><\/a><\/div> <!-- header --><\/div> <!-- aio-icon-box --><\/div> <!-- aio-icon-component --><div class=\"aio-icon-component    style_3\"><div id=\"Info-box-wrap-1189\" class=\"aio-icon-box default-icon\" style=\"\"  ><div class=\"aio-icon-default\"><div class=\"ult-just-icon-wrapper\"><div class=\"align-icon\" style=\"text-align:center;\">\n<div class=\"aio-icon none\"  style=\"color:#FFFFFF;font-size:25px;display:inline-block;\">\n\t<i class=\"Defaults-envelope-o\"><\/i>\n<\/div><\/div><\/div><\/div><div class=\"aio-icon-header\" ><a class=\"aio-icon-box-link\" href=\"mailto:kolevicaanjeza@gmail.com\" target=\"_blank\" rel=\"noopener\" ><div class=\"aio-icon-title ult-responsive\"  data-ultimate-target='#Info-box-wrap-1189 .aio-icon-title'  data-responsive-json-new='{\"font-size\":\"\",\"line-height\":\"\"}'  style=\"\">kolevicaanjeza@gmail.com<\/div><\/a><\/div> <!-- header --><\/div> <!-- aio-icon-box --><\/div> <!-- aio-icon-component --><div class=\"aio-icon-component    style_3\"><div id=\"Info-box-wrap-6936\" class=\"aio-icon-box default-icon\" style=\"\"  ><div class=\"aio-icon-default\"><div class=\"ult-just-icon-wrapper\"><div class=\"align-icon\" style=\"text-align:center;\">\n<div class=\"aio-icon none\"  style=\"color:#FFFFFF;font-size:25px;display:inline-block;\">\n\t<i class=\"Defaults-globe\"><\/i>\n<\/div><\/div><\/div><\/div><div class=\"aio-icon-header\" ><a class=\"aio-icon-box-link\" href=\"http:\/\/kolevica-art.com\/sq\/\" ><div class=\"aio-icon-title ult-responsive\"  data-ultimate-target='#Info-box-wrap-6936 .aio-icon-title'  data-responsive-json-new='{\"font-size\":\"\",\"line-height\":\"\"}'  style=\"\">kolevica-art.com<\/div><\/a><\/div> <!-- header --><\/div> <!-- aio-icon-box --><\/div> <!-- aio-icon-component --><ul class='dt-sc-sociable vc-about-social-icons'><li> <a class='fa fa-instagram' target='_blank' title='Instagram' href='https:\/\/www.instagram.com\/vasi_kolevica_art?igsh=MXkxMmkxNWsxZ2Vvaw=='> <\/a> <\/li><li> <a class='fa fa-facebook' target='_blank' title='Facebook' href='https:\/\/www.facebook.com\/share\/1HNKMkEQRj\/?mibextid=wwXIfr'> <\/a> <\/li><\/ul><\/div><\/div><\/div><\/div><div class=\"vc_row-full-width vc_clearfix\"><\/div><div class=\"vc_row wpb_row vc_row-fluid\"><div class=\"wpb_column vc_column_container vc_col-sm-12\"><div class=\"vc_column-inner\"><div class=\"wpb_wrapper\"><div class=\"vc_empty_space\"   style=\"height: 10px\"><span class=\"vc_empty_space_inner\"><\/span><\/div><\/div><\/div><\/div><\/div>\n<\/div>","protected":false},"excerpt":{"rendered":"Contact Studio Address: Vasillaq Kolevica: KM 1, Korc\u00eb, Drenov\u00eb, Albania Office Address: Anjeza Kolevica, Tiran\u00eb, Albania +355 69 641 5292 kolevicaanjeza@gmail.com kolevica-art.com","protected":false},"author":1,"featured_media":0,"parent":0,"menu_order":0,"comment_status":"closed","ping_status":"closed","template":"","meta":{"footnotes":""},"class_list":["post-197","page","type-page","status-publish","hentry"],"_links":{"self":[{"href":"https:\/\/kolevica-art.com\/sq\/wp-json\/wp\/v2\/pages\/197","targetHints":{"allow":["GET"]}}],"collection":[{"href":"https:\/\/kolevica-art.com\/sq\/wp-json\/wp\/v2\/pages"}],"about":[{"href":"https:\/\/kolevica-art.com\/sq\/wp-json\/wp\/v2\/types\/page"}],"author":[{"embeddable":true,"href":"https:\/\/kolevica-art.com\/sq\/wp-json\/wp\/v2\/users\/1"}],"replies":[{"embeddable":true,"href":"https:\/\/kolevica-art.com\/sq\/wp-json\/wp\/v2\/comments?post=197"}],"version-history":[{"count":19,"href":"https:\/\/kolevica-art.com\/sq\/wp-json\/wp\/v2\/pages\/197\/revisions"}],"predecessor-version":[{"id":8428,"href":"https:\/\/kolevica-art.com\/sq\/wp-json\/wp\/v2\/pages\/197\/revisions\/8428"}],"wp:attachment":[{"href":"https:\/\/kolevica-art.com\/sq\/wp-json\/wp\/v2\/media?parent=197"}],"curies":[{"name":"wp","href":"https:\/\/api.w.org\/{rel}","templated":true}]}}