{"id":8385,"date":"2025-11-10T07:47:48","date_gmt":"2025-11-10T07:47:48","guid":{"rendered":"https:\/\/kolevica-art.com\/?page_id=8385"},"modified":"2025-11-14T18:25:58","modified_gmt":"2025-11-14T18:25:58","slug":"media","status":"publish","type":"page","link":"https:\/\/kolevica-art.com\/sq\/media\/","title":{"rendered":"Media"},"content":{"rendered":"<div class=\"wpb-content-wrapper\"><div class=\"vc_row wpb_row vc_row-fluid vc_row-o-full-height vc_row-o-columns-middle vc_row-o-equal-height vc_row-flex\"><div class=\"wpb_column vc_column_container vc_col-sm-6\"><div class=\"vc_column-inner\"><div class=\"wpb_wrapper\">\n\t<div class=\"wpb_video_widget wpb_content_element vc_clearfix   vc_video-aspect-ratio-169 vc_video-el-width-100 vc_video-align-center\" >\n\t\t<div class=\"wpb_wrapper\">\n\t\t\t\n\t\t\t<div class=\"wpb_video_wrapper\"><iframe loading=\"lazy\" title=\"Arti i Po\u00e7aris\u00eb\/ Vasillaq Kolevica, \u201cpo\u00e7ari i fundit\u201d q\u00eb balt\u00ebn e ka kthyer n\u00eb art\" width=\"500\" height=\"281\" src=\"https:\/\/www.youtube.com\/embed\/ipGQnQhsclw?feature=oembed\" frameborder=\"0\" allow=\"accelerometer; autoplay; clipboard-write; encrypted-media; gyroscope; picture-in-picture; web-share\" referrerpolicy=\"strict-origin-when-cross-origin\" allowfullscreen><\/iframe><\/div>\n\t\t<\/div>\n\t<\/div>\n<h3 style=\"text-align: center;font-family:Average Sans;font-weight:400;font-style:normal\" class=\"vc_custom_heading vc_do_custom_heading\" >Arti i Po\u00e7aris\u00eb\/ Vasillaq Kolevica, \u201cpo\u00e7ari i fundit\u201d q\u00eb balt\u00ebn e ka kthyer n\u00eb art, RTSH Korca, 2024<\/h3><\/div><\/div><\/div><div class=\"wpb_column vc_column_container vc_col-sm-6\"><div class=\"vc_column-inner\"><div class=\"wpb_wrapper\">\n\t<div class=\"wpb_video_widget wpb_content_element vc_clearfix   vc_video-aspect-ratio-169 vc_video-el-width-100 vc_video-align-center\" >\n\t\t<div class=\"wpb_wrapper\">\n\t\t\t\n\t\t\t<div class=\"wpb_video_wrapper\"><iframe loading=\"lazy\" title=\"Anjeza dhe Vasi Kolevica , bab\u00eb e bij\u00eb krijojn\u00eb vepr\u00ebn \u2018Qeramisti\u2019 - Artkand\" width=\"500\" height=\"281\" src=\"https:\/\/www.youtube.com\/embed\/-umPG-o7da0?feature=oembed\" frameborder=\"0\" allow=\"accelerometer; autoplay; clipboard-write; encrypted-media; gyroscope; picture-in-picture; web-share\" referrerpolicy=\"strict-origin-when-cross-origin\" allowfullscreen><\/iframe><\/div>\n\t\t<\/div>\n\t<\/div>\n<h3 style=\"text-align: center;font-family:Average Sans;font-weight:400;font-style:normal\" class=\"vc_custom_heading vc_do_custom_heading\" >Anjeza dhe Vasi Kolevica , bab\u00eb e bij\u00eb krijojn\u00eb vepr\u00ebn \u2018Qeramisti\u2019 \u2013 Artkand, Top Channel, 2023<\/h3><\/div><\/div><\/div><\/div><div class=\"vc_row wpb_row vc_row-fluid\"><div class=\"wpb_column vc_column_container vc_col-sm-4\"><div class=\"vc_column-inner\"><div class=\"wpb_wrapper\">\n\t<div class=\"wpb_video_widget wpb_content_element vc_clearfix   vc_video-aspect-ratio-169 vc_video-el-width-100 vc_video-align-center\" >\n\t\t<div class=\"wpb_wrapper\">\n\t\t\t\n\t\t\t<div class=\"wpb_video_wrapper\"><iframe loading=\"lazy\" title=\"\u201cGravity, Forms of Spiritual\u201d\" width=\"500\" height=\"281\" src=\"https:\/\/www.youtube.com\/embed\/Qo6HqFFHPEw?feature=oembed\" frameborder=\"0\" allow=\"accelerometer; autoplay; clipboard-write; encrypted-media; gyroscope; picture-in-picture; web-share\" referrerpolicy=\"strict-origin-when-cross-origin\" allowfullscreen><\/iframe><\/div>\n\t\t<\/div>\n\t<\/div>\n<h3 style=\"text-align: center;font-family:Average Sans;font-weight:400;font-style:normal\" class=\"vc_custom_heading vc_do_custom_heading\" >Gravity, Forms of Spiritual, Credins Bank, 2022<\/h3><\/div><\/div><\/div><div class=\"wpb_column vc_column_container vc_col-sm-4\"><div class=\"vc_column-inner\"><div class=\"wpb_wrapper\">\n\t<div class=\"wpb_video_widget wpb_content_element vc_clearfix   vc_video-aspect-ratio-169 vc_video-el-width-100 vc_video-align-center\" >\n\t\t<div class=\"wpb_wrapper\">\n\t\t\t\n\t\t\t<div class=\"wpb_video_wrapper\"><iframe loading=\"lazy\" title=\"Kor\u00e7\u00eb, tradita e po\u00e7aris\u00eb trash\u00ebgohet edhe te t\u00eb rinjt\u00eb - Top Channel Albania - News - Lajme\" width=\"500\" height=\"281\" src=\"https:\/\/www.youtube.com\/embed\/56hx8u7RMbQ?feature=oembed\" frameborder=\"0\" allow=\"accelerometer; autoplay; clipboard-write; encrypted-media; gyroscope; picture-in-picture; web-share\" referrerpolicy=\"strict-origin-when-cross-origin\" allowfullscreen><\/iframe><\/div>\n\t\t<\/div>\n\t<\/div>\n<h3 style=\"text-align: center;font-family:Average Sans;font-weight:400;font-style:normal\" class=\"vc_custom_heading vc_do_custom_heading\" >Kor\u00e7\u00eb, tradita e po\u00e7aris\u00eb trash\u00ebgohet edhe te t\u00eb rinjt\u00eb - Top Channel, 2019<\/h3><\/div><\/div><\/div><div class=\"wpb_column vc_column_container vc_col-sm-4\"><div class=\"vc_column-inner\"><div class=\"wpb_wrapper\">\n\t<div class=\"wpb_video_widget wpb_content_element vc_clearfix   vc_video-aspect-ratio-169 vc_video-el-width-100 vc_video-align-center\" >\n\t\t<div class=\"wpb_wrapper\">\n\t\t\t\n\t\t\t<div class=\"wpb_video_wrapper\"><iframe loading=\"lazy\" title=\"T\u00eb mbajm\u00eb gjall\u00eb artin e qeramik\u00ebs | Vasillaq Kolevica | TEDxTirana\" width=\"500\" height=\"281\" src=\"https:\/\/www.youtube.com\/embed\/LZ8fNrTjK6c?feature=oembed\" frameborder=\"0\" allow=\"accelerometer; autoplay; clipboard-write; encrypted-media; gyroscope; picture-in-picture; web-share\" referrerpolicy=\"strict-origin-when-cross-origin\" allowfullscreen><\/iframe><\/div>\n\t\t<\/div>\n\t<\/div>\n<h3 style=\"text-align: center;font-family:Average Sans;font-weight:400;font-style:normal\" class=\"vc_custom_heading vc_do_custom_heading\" >T\u00eb mbajm\u00eb gjall\u00eb artin e qeramik\u00ebs | Vasillaq Kolevica | TEDxTirana, 2015<\/h3><\/div><\/div><\/div><\/div><div class=\"vc_row wpb_row vc_row-fluid vc_custom_1762808048592\"><div class=\"wpb_column vc_column_container vc_col-sm-6\"><div class=\"vc_column-inner\"><div class=\"wpb_wrapper\"><ul class='dt-sc-fancy-list   arrow'>\n<li style=\"list-style-type: none;\">\n<ul class='dt-sc-fancy-list   arrow'>\n<li><a href=\"https:\/\/www.youtube.com\/watch?v=q0GLJ5RKqyk\" target=\"_blank\" rel=\"noopener\"><span style=\"font-weight: 400;\">\u00a0<\/span><span style=\"font-weight: 400;\">\"Teto Ollga\", rikthehet p\u00ebrgjithmon\u00eb n\u00eb Tushemisht, Ora News, 2013<\/span><span style=\"font-weight: 400;\"> \u2013 Ora News, 2013<\/span><\/a><\/li>\n<li><a href=\"https:\/\/www.youtube.com\/watch?v=dequk8XSj5w\" target=\"_blank\" rel=\"noopener\"><span style=\"font-weight: 400;\">Kor\u00e7\u00eb, artisti i qeramik\u00ebs Vasillaq Kolevica sfid\u00eb me teknologjin\u00eb<\/span><span style=\"font-weight: 400;\"> \u2013 Report TV, 2018<\/span><\/a><\/li>\n<li><a href=\"https:\/\/www.youtube.com\/watch?v=mIgXr4drLrg\" target=\"_blank\" rel=\"noopener\"><span style=\"font-weight: 400;\">Vasillaq Kolevica, nderohet me titull t\u00eb lart\u00eb n\u00eb 60 vjetorin e lindjes<\/span><span style=\"font-weight: 400;\"> \u2013 RTSH Kor\u00e7a, 2019<\/span><\/a><\/li>\n<li><a href=\"https:\/\/www.homofaber.com\/en\/artisans\/vasilaq-kolevica-gunrf6\" target=\"_blank\" rel=\"noopener\"><span style=\"font-weight: 400;\">A Lifetime Of Exploring Clay &#8211; Homofaber<\/span><\/a><\/li>\n<li><a href=\"https:\/\/www.homofaber.com\/en\/artisans\/anjeza-kolevica-bydeix\"><span style=\"font-weight: 400;\">The Dimensions Of Universal Themes &#8211; Homofaber<\/span><\/a><\/li>\n<\/ul>\n<\/li>\n<\/ul><\/div><\/div><\/div><div class=\"wpb_column vc_column_container vc_col-sm-6\"><div class=\"vc_column-inner\"><div class=\"wpb_wrapper\"><ul class='dt-sc-fancy-list   arrow'>\n<li><a href=\"https:\/\/www.youtube.com\/watch?v=bo8Kf5VxyK0\" target=\"_blank\" rel=\"noopener\"><span style=\"font-weight: 400;\">Artisti Vasillaq Kolevica merr titullin \u201cMjesht\u00ebr\u201d<\/span><span style=\"font-weight: 400;\"> \u2013 RTSH Kor\u00e7a, 2020<\/span><\/a><\/li>\n<li><a href=\"https:\/\/www.youtube.com\/watch?v=GKLENFB9sGQ\" target=\"_blank\" rel=\"noopener\"><span style=\"font-weight: 400;\">Anjeza Kolevica: Nje artiste e apasionuar mbas artit te qeramikes<\/span><span style=\"font-weight: 400;\"> \u2013 Rudina, TV Klan, 2021<\/span><\/a><\/li>\n<li><a href=\"https:\/\/www.youtube.com\/watch?v=qG6kwoxPbDg\" target=\"_blank\" rel=\"noopener\"><span style=\"font-weight: 400;\">\"Vrit babain, sic bera une\", amaneti artistik qe Kolevica i jep te bijes ne ekspoziten e pare<\/span><span style=\"font-weight: 400;\"> \u2013 ABC News, 2022<\/span><\/a><\/li>\n<li><a href=\"https:\/\/2022.homofaber.com\/en\/ecollection\/exhibitors-anjeza-kolevica\" target=\"_blank\" rel=\"noopener\"><span style=\"font-weight: 400;\">Anjeza Kolevica Ceramicist &#8211; Homofaber<\/span><\/a><\/li>\n<li><a href=\"https:\/\/www.ilcentro.it\/cultura-e-spettacoli\/giovani-artisti-per-la-ceramica-1.2967035\" target=\"_blank\" rel=\"noopener\"><span style=\"font-weight: 400;\">Giovani Artisti Per La Ceramica &#8211; ilCentro<\/span><\/a><\/li>\n<\/ul><\/div><\/div><\/div><\/div><div class=\"vc_row wpb_row vc_row-fluid\"><div class=\"wpb_column vc_column_container vc_col-sm-12\"><div class=\"vc_column-inner\"><div class=\"wpb_wrapper\"><\/div><\/div><\/div><\/div>\n<\/div>","protected":false},"excerpt":{"rendered":"The Art of Pottery \u2013 Vasillaq Kolevica, \u201cthe Last Potter\u201d Who Turned Clay into Art \u2013 RTSH Kor\u00e7a, 2024 Anjeza and Vasi Kolevica, Father and Daughter Create \u201cThe Potter\u201d \u2013 Artkand, Top Channel, 2023 Gravity: Forms of Spiritual \u2013 Credins Bank, 2022 Kor\u00e7\u00eb: The Pottery Tradition Lives On Through the Young \u2013 Top Channel, 2019 [...]","protected":false},"author":1,"featured_media":0,"parent":0,"menu_order":0,"comment_status":"closed","ping_status":"closed","template":"","meta":{"footnotes":""},"class_list":["post-8385","page","type-page","status-publish","hentry"],"_links":{"self":[{"href":"https:\/\/kolevica-art.com\/sq\/wp-json\/wp\/v2\/pages\/8385","targetHints":{"allow":["GET"]}}],"collection":[{"href":"https:\/\/kolevica-art.com\/sq\/wp-json\/wp\/v2\/pages"}],"about":[{"href":"https:\/\/kolevica-art.com\/sq\/wp-json\/wp\/v2\/types\/page"}],"author":[{"embeddable":true,"href":"https:\/\/kolevica-art.com\/sq\/wp-json\/wp\/v2\/users\/1"}],"replies":[{"embeddable":true,"href":"https:\/\/kolevica-art.com\/sq\/wp-json\/wp\/v2\/comments?post=8385"}],"version-history":[{"count":9,"href":"https:\/\/kolevica-art.com\/sq\/wp-json\/wp\/v2\/pages\/8385\/revisions"}],"predecessor-version":[{"id":8485,"href":"https:\/\/kolevica-art.com\/sq\/wp-json\/wp\/v2\/pages\/8385\/revisions\/8485"}],"wp:attachment":[{"href":"https:\/\/kolevica-art.com\/sq\/wp-json\/wp\/v2\/media?parent=8385"}],"curies":[{"name":"wp","href":"https:\/\/api.w.org\/{rel}","templated":true}]}}